{"id":1201,"date":"2024-12-14T00:31:34","date_gmt":"2024-12-14T03:31:34","guid":{"rendered":"https:\/\/ambiente02.agenciahux.com.br\/?page_id=1201"},"modified":"2025-04-27T14:40:27","modified_gmt":"2025-04-27T17:40:27","slug":"conteudo","status":"publish","type":"page","link":"https:\/\/bwag.com.br\/en\/clientes\/conteudo\/","title":{"rendered":"Content"},"content":{"rendered":"<div data-elementor-type=\"wp-page\" data-elementor-id=\"1201\" class=\"elementor elementor-1201\" data-elementor-settings=\"{&quot;ha_cmc_init_switcher&quot;:&quot;no&quot;}\" data-elementor-post-type=\"page\">\n\t\t\t\t<div class=\"elementor-element elementor-element-3ba65f7 e-con-full e-flex e-con e-parent\" data-id=\"3ba65f7\" data-element_type=\"container\" data-e-type=\"container\">\n\t\t<div class=\"elementor-element elementor-element-708da81 entradabaixo e-flex e-con-boxed e-con e-child\" data-id=\"708da81\" data-element_type=\"container\" data-e-type=\"container\" data-settings=\"{&quot;background_background&quot;:&quot;video&quot;,&quot;background_video_link&quot;:&quot;https:\\\/\\\/www.bwag.com.br\\\/wp-content\\\/uploads\\\/2024\\\/12\\\/bg-site_FINAL-3.mp4&quot;,&quot;background_play_on_mobile&quot;:&quot;yes&quot;}\">\n\t\t\t\t\t<div class=\"e-con-inner\">\n\t\t<div class=\"elementor-background-video-container\">\n\t\t\t\t\t\t\t<video class=\"elementor-background-video-hosted\" role=\"presentation\" autoplay muted playsinline loop><\/video>\n\t\t\t\t\t<\/div><div class=\"elementor-element elementor-element-251827b e-con-full e-flex e-con e-child\" data-id=\"251827b\" data-element_type=\"container\" data-e-type=\"container\" data-settings=\"{&quot;background_background&quot;:&quot;classic&quot;}\">\n\t\t\t\t<\/div>\n\t\t<div class=\"elementor-element elementor-element-afb3a7f e-con-full e-flex e-con e-child\" data-id=\"afb3a7f\" data-element_type=\"container\" data-e-type=\"container\" data-settings=\"{&quot;background_background&quot;:&quot;classic&quot;}\">\n\t\t<div class=\"elementor-element elementor-element-e8d52ac e-con-full e-flex e-con e-child\" data-id=\"e8d52ac\" data-element_type=\"container\" data-e-type=\"container\">\n\t\t\t\t<div class=\"elementor-element elementor-element-3e49c8f elementor-widget-mobile__width-initial elementor-widget elementor-widget-image\" data-id=\"3e49c8f\" data-element_type=\"widget\" data-e-type=\"widget\" data-widget_type=\"image.default\">\n\t\t\t\t\t\t\t\t\t\t\t\t\t\t\t<img decoding=\"async\" width=\"371\" height=\"68\" src=\"https:\/\/bwag.com.br\/wp-content\/uploads\/2024\/12\/BWAG-Azul.svg\" class=\"attachment-large size-large wp-image-1316\" alt=\"\" \/>\t\t\t\t\t\t\t\t\t\t\t\t\t\t\t<\/div>\n\t\t\t\t<div class=\"elementor-element elementor-element-d6a3240 elementor-widget elementor-widget-button\" data-id=\"d6a3240\" data-element_type=\"widget\" data-e-type=\"widget\" data-widget_type=\"button.default\">\n\t\t\t\t\t\t\t\t\t\t<a class=\"elementor-button elementor-button-link elementor-size-sm\" href=\"https:\/\/bwag.com.br\/en\/\">\n\t\t\t\t\t\t<span class=\"elementor-button-content-wrapper\">\n\t\t\t\t\t\t<span class=\"elementor-button-icon\">\n\t\t\t\t<i aria-hidden=\"true\" class=\"arrow_back\"><\/i>\t\t\t<\/span>\n\t\t\t\t\t\t\t\t\t<span class=\"elementor-button-text\">Voltar<\/span>\n\t\t\t\t\t<\/span>\n\t\t\t\t\t<\/a>\n\t\t\t\t\t\t\t\t<\/div>\n\t\t\t\t<\/div>\n\t\t\t\t<div class=\"elementor-element elementor-element-376cdbb elementor-widget-tablet__width-inherit elementor-widget elementor-widget-heading\" data-id=\"376cdbb\" data-element_type=\"widget\" data-e-type=\"widget\" data-widget_type=\"heading.default\">\n\t\t\t\t\t<h2 class=\"elementor-heading-title elementor-size-default\">Please log in with your credentials to access this content<\/h2>\t\t\t\t<\/div>\n\t\t\t\t<div class=\"elementor-element elementor-element-60016f0 elementor-widget-tablet__width-inherit elementor-button-align-stretch elementor-mobile-button-align-stretch elementor-widget elementor-widget-login\" data-id=\"60016f0\" data-element_type=\"widget\" data-e-type=\"widget\" data-widget_type=\"login.default\">\n\t\t\t\t\t\t\t<form class=\"elementor-login elementor-form\" method=\"post\" action=\"https:\/\/bwag.com.br\/wp-login.php\">\n\t\t\t<input type=\"hidden\" name=\"redirect_to\" value=\"https:\/\/www.bwag.com.br\/clientes\/conteudo\/\">\n\t\t\t<div class=\"elementor-form-fields-wrapper\">\n\t\t\t\t<div class=\"elementor-field-type-text elementor-field-group elementor-column elementor-col-100 elementor-field-required\">\n\t\t\t\t\t<label for=\"user-60016f0\" class=\"elementor-field-label\">Login<\/label>\n\t\t\t\t\t<input size=\"1\" type=\"text\" name=\"log\" id=\"user-60016f0\" placeholder=\"Enter your username\" class=\"elementor-field elementor-field-textual elementor-size-lg\">\n\t\t\t\t<\/div>\n\t\t\t\t<div class=\"elementor-field-type-text elementor-field-group elementor-column elementor-col-100 elementor-field-required\">\n\t\t\t\t\t<label for=\"password-60016f0\" class=\"elementor-field-label\">Password<\/label>\n\t\t\t\t\t<input size=\"1\" type=\"password\" name=\"pwd\" id=\"password-60016f0\" placeholder=\"Enter your password\" class=\"elementor-field elementor-field-textual elementor-size-lg\">\n\t\t\t\t<\/div>\n\n\t\t\t\t\n\t\t\t\t<div class=\"elementor-field-group elementor-column elementor-field-type-submit elementor-col-100\">\n\t\t\t\t\t<button type=\"submit\" class=\"elementor-size-lg elementor-button\" name=\"wp-submit\">\n\t\t\t\t\t\t\t\t\t\t\t\t\t\t\t<span class=\"elementor-button-text\">Enter<\/span>\n\t\t\t\t\t\t\t\t\t\t\t\t<\/button>\n\t\t\t\t<\/div>\n\n\t\t\t\t\t\t\t<\/div>\n\t\t<\/form>\n\t\t\t\t\t\t<\/div>\n\t\t\t\t<\/div>\n\t\t\t\t\t<\/div>\n\t\t\t\t<\/div>\n\t\t\t\t<\/div>\n\t\t\t\t<\/div>","protected":false},"excerpt":{"rendered":"<p>Voltar Para acessar este conte\u00fado entre com o seu login e senha Menu In\u00edcio Equipe Clientes Manuais &amp; Pol\u00edticas Contato In\u00edcio Equipe Clientes Manuais &amp; Pol\u00edticas Contato Acessar Conta Menu Acessar Conta Fale com nossa equipe Menu Exclusivo para clientes Cen\u00e1rio Macroecon\u00f4mico Selecione um ano&#8230;2025 Resumo Mensal Selecione um ano&#8230;2025 In\u00edcio Equipe Clientes Manuais &#038; [&hellip;]<\/p>","protected":false},"author":1,"featured_media":0,"parent":1196,"menu_order":0,"comment_status":"closed","ping_status":"closed","template":"elementor_canvas","meta":{"footnotes":""},"class_list":["post-1201","page","type-page","status-publish","hentry"],"_links":{"self":[{"href":"https:\/\/bwag.com.br\/en\/wp-json\/wp\/v2\/pages\/1201","targetHints":{"allow":["GET"]}}],"collection":[{"href":"https:\/\/bwag.com.br\/en\/wp-json\/wp\/v2\/pages"}],"about":[{"href":"https:\/\/bwag.com.br\/en\/wp-json\/wp\/v2\/types\/page"}],"author":[{"embeddable":true,"href":"https:\/\/bwag.com.br\/en\/wp-json\/wp\/v2\/users\/1"}],"replies":[{"embeddable":true,"href":"https:\/\/bwag.com.br\/en\/wp-json\/wp\/v2\/comments?post=1201"}],"version-history":[{"count":489,"href":"https:\/\/bwag.com.br\/en\/wp-json\/wp\/v2\/pages\/1201\/revisions"}],"predecessor-version":[{"id":2488,"href":"https:\/\/bwag.com.br\/en\/wp-json\/wp\/v2\/pages\/1201\/revisions\/2488"}],"up":[{"embeddable":true,"href":"https:\/\/bwag.com.br\/en\/wp-json\/wp\/v2\/pages\/1196"}],"wp:attachment":[{"href":"https:\/\/bwag.com.br\/en\/wp-json\/wp\/v2\/media?parent=1201"}],"curies":[{"name":"wp","href":"https:\/\/api.w.org\/{rel}","templated":true}]}}